{"id":951,"date":"2022-07-05T15:30:46","date_gmt":"2022-07-05T15:30:46","guid":{"rendered":"https:\/\/minga.systems\/nl\/?page_id=951"},"modified":"2022-11-17T10:47:13","modified_gmt":"2022-11-17T10:47:13","slug":"home-version-five","status":"publish","type":"page","link":"https:\/\/minga.systems\/nl\/","title":{"rendered":"Home Version Five"},"content":{"rendered":"<p><!-- Start Banner \n    ============================================= --><br \/>\n        <!-- Fixed Shape --><br \/>\n            <img src=\"https:\/\/minga.systems\/nl\/wp-content\/themes\/tanda\/img\/shape\/waves-shape.svg\" alt=\"Shape\"><br \/>\n        <!-- End Fixed Shape --><\/p>\n<h4>Online kennisdeling en samenwerken<\/h4>\n<h2>Wij cre\u00ebren <strong>IT oplossingen<\/strong><\/h2>\n<p>                                                                <a href=\"?php echo esc_url($hero5_output['btlink1']['url']); ?>&#8220;>Neem contact op<\/a><br \/>\n                        <img src=\"https:\/\/minga.systems\/nl\/wp-content\/uploads\/2022\/07\/5-2.png\" alt=\"Thumb\"><br \/>\n        <!-- Fixed Shape --><br \/>\n            <img src=\"https:\/\/minga.systems\/nl\/wp-content\/uploads\/2022\/07\/13.png\" alt=\"Shape\"><br \/>\n        <!-- End Fixed Shape --><br \/>\n    <!-- End Banner --><\/p>\n<style>\/*! elementor - v3.8.1 - 13-11-2022 *\/\n.elementor-heading-title{padding:0;margin:0;line-height:1}.elementor-widget-heading .elementor-heading-title[class*=elementor-size-]>a{color:inherit;font-size:inherit;line-height:inherit}.elementor-widget-heading .elementor-heading-title.elementor-size-small{font-size:15px}.elementor-widget-heading .elementor-heading-title.elementor-size-medium{font-size:19px}.elementor-widget-heading .elementor-heading-title.elementor-size-large{font-size:29px}.elementor-widget-heading .elementor-heading-title.elementor-size-xl{font-size:39px}.elementor-widget-heading .elementor-heading-title.elementor-size-xxl{font-size:59px}<\/style>\n<h3>Ons Platform <\/h3>\n<link rel=\"stylesheet\" href=\"https:\/\/minga.systems\/nl\/wp-content\/plugins\/elementor\/assets\/css\/widget-icon-box.min.css\">\n<h3>\n\t\t\t\t\t\tVoor individuele coaches<br \/>\n\t\t\t\t<\/h3>\n<link rel=\"stylesheet\" href=\"https:\/\/minga.systems\/nl\/wp-content\/plugins\/elementor\/assets\/css\/widget-icon-list.min.css\">\n<ul>\n<li>\n\t\t\t\t\t\t\t\t\t\tBrede toolset voor coaches\n\t\t\t\t\t\t\t\t\t<\/li>\n<li>\n\t\t\t\t\t\t\t\t\t\tService je klanten op een online platform\n\t\t\t\t\t\t\t\t\t<\/li>\n<\/ul>\n<h3>\n\t\t\t\t\t\tKennisdeling voor teams<br \/>\n\t\t\t\t<\/h3>\n<ul>\n<li>\n\t\t\t\t\t\t\t\t\t\tStart met kennisdeling binnen je teams\n\t\t\t\t\t\t\t\t\t<\/li>\n<li>\n\t\t\t\t\t\t\t\t\t\tHet vasthouden van kennis is een must have in elk bedrijf of instelling\n\t\t\t\t\t\t\t\t\t<\/li>\n<li>\n\t\t\t\t\t\t\t\t\t\tLaat je internee cultuur groeien door van communicatie een kern eigenschap in je bedrijf te maken\n\t\t\t\t\t\t\t\t\t<\/li>\n<\/ul>\n<style>\/*! elementor - v3.8.1 - 13-11-2022 *\/\n.elementor-widget-image{text-align:center}.elementor-widget-image a{display:inline-block}.elementor-widget-image a img[src$=\".svg\"]{width:48px}.elementor-widget-image img{vertical-align:middle;display:inline-block}<\/style>\n<p>\t\t\t\t\t\t\t\t\t\t\t\t\t<a href=\"https:\/\/sharingknowhow.eu\"><br \/>\n\t\t\t\t\t\t\t<img width=\"702\" height=\"196\" src=\"https:\/\/minga.systems\/nl\/wp-content\/uploads\/2022\/07\/Sharing_knowhow_logo.png\" alt=\"\" loading=\"lazy\" srcset=\"https:\/\/minga.systems\/nl\/wp-content\/uploads\/2022\/07\/Sharing_knowhow_logo.png 702w, https:\/\/minga.systems\/nl\/wp-content\/uploads\/2022\/07\/Sharing_knowhow_logo-300x84.png 300w, https:\/\/minga.systems\/nl\/wp-content\/uploads\/2022\/07\/Sharing_knowhow_logo-350x98.png 350w, https:\/\/minga.systems\/nl\/wp-content\/uploads\/2022\/07\/Sharing_knowhow_logo-540x151.png 540w\" sizes=\"(max-width: 702px) 100vw, 702px\" \/>\t\t\t\t\t\t\t\t<\/a><br \/>\n    <!-- Start Services \n    ============================================= --><br \/>\n        <!-- Fixed Shape  --><br \/>\n            <img src=\"https:\/\/minga.systems\/nl\/wp-content\/themes\/tanda\/img\/shape\/7.png\" alt=\"Shape\"><br \/>\n        <!-- End Fixed Shape  --><\/p>\n<h4>Minga Services<\/h4>\n<h2>Samenwerken en kennisdelings toolkit voor online coaching en mentor programma&#039;s<\/h2>\n<p>                                        <!-- Single item --><\/p>\n<h4><a href=\"\">Innovative oplossingen<\/a><\/h4>\n<p>\n                                    Wij ondersteunen individuele coaches en complete teams voor interne mentor programma&#039;s.<br \/>\n.                                 <\/p>\n<p>                    <!-- End Single item --><br \/>\n                    <!-- Single item --><\/p>\n<h4><a href=\"\">Toolkit<\/a><\/h4>\n<p>\n                                    Onze toolkit kent o.a. online profielen zoeken, 1 op 1 video bellen, priv\u00e9 chat, priv\u00e9 notities, publiek en priv\u00e9 documenten delen , blog functie en milestone tracking om er maar een paar te noemen.                                <\/p>\n<p>                    <!-- End Single item --><br \/>\n                    <!-- Single item --><\/p>\n<h4><a href=\"\">Cloud based<\/a><\/h4>\n<p>\n                                    Veilig in de cloud en opgezet op een manier dat het platform oneindig schaalbaar is, dus we zijn klaar voor de groei van onze klanten en zorgen er voor dat jullie je klanten zo vaak kunt servicen als je wilt\n                                <\/p>\n<p>                    <!-- End Single item --><br \/>\n                    <!-- Single item --><\/p>\n<h4><a href=\"\">Communicatie<\/a><\/h4>\n<p>\n                                    Onboarding programma&#039;s of coaching programma&#039;s kunnen eenvoudig worden opgezet met de maatwerk vragenlijsten voor je gebruikers. dit zorgt er voor dat je goed bent voorbereid voor elke sessie en gestructureerd kunt coachen.                                <\/p>\n<p>                    <!-- End Single item --><br \/>\n    <!-- End Services Area --><br \/>\n         <!-- Star About Area\n    ============================================= --><\/p>\n<h5>Over Ons<\/h5>\n<h2>Wij helpen bedrijven met coaching en mentoring programma&#039;s<\/h2>\n<p>\n                        We hebben een dedicated software ontwikkel team die er van houdt in met de nieuwste technieken voor online samenwerking en kennisdeling te maken.                    <\/p>\n<p>                        <!-- Progress Bar Start --><\/p>\n<h5>Nieuwste  Software Ontwikkeling Technieken<\/h5>\n<p>                                     95%<\/p>\n<h5>Cyber Security<\/h5>\n<p>                                     99%<\/p>\n<h5>Coaching en Mentoring Toolkit<\/h5>\n<p>                                     100%<br \/>\n                        <!-- End Progressbar --><br \/>\n                    <img src=\"https:\/\/minga.systems\/nl\/wp-content\/uploads\/2022\/07\/7-2.png\" alt=\"Thumb\"><br \/>\n    <!-- End About Area --><br \/>\n        <!-- Start Works About \n    ============================================= --><\/p>\n<h5>inclusiviteits  programma<\/h5>\n<h2>Maak je vertrouwenspersonen <br \/>beschikbaar online <\/h2>\n<p>\n                             Vertrouwenspersoon, die barri\u00e8re-vrij toegankelijk is. Door simpelweg online beschikbaar te zijn zonder drempels.<\/p>\n<ul>\n<li>\n<h5>100% Vertrouwelijk<\/h5>\n<\/li>\n<li>\n<h5>Toegankelijke &amp; vertrouwelijke adviseurs <\/h5>\n<\/li>\n<\/ul>\n<p>                                                <a href=\"https:\/\/minga.systems\/nl\/index.php\/contact-us\/\">Contact ons<\/a><br \/>\n                            <img src=\"https:\/\/minga.systems\/nl\/wp-content\/uploads\/2022\/07\/Minga_systems_high_five.png\" alt=\"Thumb\"><br \/>\n                                100<br \/>\n                                Barriere vrij<br \/>\n    <!-- End Works About Area --><br \/>\n        <!-- Start Faq \n    ============================================= --><\/p>\n<h5>faq<\/h5>\n<h2>Veelgestelde vragen over onze oplossingen <\/h2>\n<p>                        <a href=\"https:\/\/minga.systems\/nl\/index.php\/contact-us\/\">Contact ons<\/a><\/p>\n<h4 data-toggle=\"collapse\" data-target=\"#collapseOne\" aria-expanded=\"true\" aria-controls=\"collapseOne\">\n                            Wat zijn de use cases                        <\/h4>\n<p>\n                                Wij bouwen software voor online samenwerking en kennisdeling, wat onder andere erg handig is voor het online coachen van collega&#039;s of als professionele coach met je eigen klanten                            <\/p>\n<h4 data-toggle=\"collapse\" data-target=\"#collapseTwo\" aria-expanded=\"true\" aria-controls=\"collapseTwo\">\n                            Interne kennisdeling is de hoeksteen van een flexibele organisatie                        <\/h4>\n<p>\n                                Kennis is de hoeksteen en het belangrijkste goed van elke organisatie. Dit is op elk niveau van operatie tot senior management.<br \/>\nHet verspreiden en beschikbaar maken van kennis is een probleem waar niet veel bedrijven een oplossing voor hebben.<br \/>\nHet vasthouden van die kennis is een ander probleem , vooral als senior personeel het bedrijf verlaat. Toegankelijkheid tot die kennis, en netwerk binnen en buiten het bedrijf is een ondergewaardeerd probleem, waar ons platform specifiek voor is gebouwd.                             <\/p>\n<h4 data-toggle=\"collapse\" data-target=\"#collapseThree\" aria-expanded=\"true\" aria-controls=\"collapseThree\">\n                            Waar beginnen we                        <\/h4>\n<p>\n                                neem contact op en bespreek je use case vrijblijvend met een van onze consultants , we hebben nog niet een probleem gezien wat we niet hebben kunnen oplssen                            <\/p>\n<p>    <!-- End Faq Area --><\/p>\n<h2>De oplossing om mensen te connecten.<\/h2>\n<p><a href=\"https:\/\/sharingknowhow.eu\">Sharing Know How<\/a> is een platform waarin samenwerking en kennisdeling\u00a0 centraal staat, de ingredi\u00ebnten voor een flexibel goed ge\u00efnformeerd team.\u00a0\u00a0<\/p>\n<p>\t\t\t<a href=\"https:\/\/sharingknowhow.eu\" role=\"button\"><br \/>\n\t\t\t\t\t\tSharingKnowHow.eu<br \/>\n\t\t\t\t\t<\/a><br \/>\n\t\t\t\t\t\t\t\t\t\t\t\t\t\t\t\t<a href=\"https:\/\/sharingknowhow.eu\"><br \/>\n\t\t\t\t\t\t\t<img width=\"182\" height=\"405\" src=\"https:\/\/minga.systems\/nl\/wp-content\/uploads\/2022\/08\/Screen-Shot-2022-08-22-at-22.47.12-182x405.png\" alt=\"\" loading=\"lazy\" srcset=\"https:\/\/minga.systems\/nl\/wp-content\/uploads\/2022\/08\/Screen-Shot-2022-08-22-at-22.47.12-182x405.png 182w, https:\/\/minga.systems\/nl\/wp-content\/uploads\/2022\/08\/Screen-Shot-2022-08-22-at-22.47.12-135x300.png 135w, https:\/\/minga.systems\/nl\/wp-content\/uploads\/2022\/08\/Screen-Shot-2022-08-22-at-22.47.12-460x1024.png 460w, https:\/\/minga.systems\/nl\/wp-content\/uploads\/2022\/08\/Screen-Shot-2022-08-22-at-22.47.12-768x1708.png 768w, https:\/\/minga.systems\/nl\/wp-content\/uploads\/2022\/08\/Screen-Shot-2022-08-22-at-22.47.12-691x1536.png 691w, https:\/\/minga.systems\/nl\/wp-content\/uploads\/2022\/08\/Screen-Shot-2022-08-22-at-22.47.12-921x2048.png 921w, https:\/\/minga.systems\/nl\/wp-content\/uploads\/2022\/08\/Screen-Shot-2022-08-22-at-22.47.12-118x262.png 118w, https:\/\/minga.systems\/nl\/wp-content\/uploads\/2022\/08\/Screen-Shot-2022-08-22-at-22.47.12-225x500.png 225w, https:\/\/minga.systems\/nl\/wp-content\/uploads\/2022\/08\/Screen-Shot-2022-08-22-at-22.47.12-180x400.png 180w, https:\/\/minga.systems\/nl\/wp-content\/uploads\/2022\/08\/Screen-Shot-2022-08-22-at-22.47.12.png 1081w\" sizes=\"(max-width: 182px) 100vw, 182px\" \/>\t\t\t\t\t\t\t\t<\/a><\/p>\n<h2>our team <\/h2>\n<p>       <!-- Start Team \n    ============================================= --><br \/>\n                        <img src=\"https:\/\/minga.systems\/nl\/wp-content\/uploads\/2022\/07\/Wouter-de-Wolf.png\" alt=\"Thumb\"><\/p>\n<h2>Wouter de Wolf<\/h2>\n<p>                        Managing Partner <\/p>\n<ul>\n<li>\n                    <a href=\"https:\/\/www.linkedin.com\/in\/wouterdewolfbusinessmentor\/\"><br \/>\n                    <\/a>\n                <\/li>\n<\/ul>\n<ul>\n<li>\n                                <strong> <\/strong>\n                            <\/li>\n<\/ul>\n<h2><\/h2>\n<p>\n                            Als founding partner neemt Wouter de rol van klankbord, businessmentor en richtinggever en mede daardoor is hij de drijvende kracht achter een succesvolle implementatie. Als businessmentor heeft hij de nodige vlieguren en ervaring, steeds blijkt weer dat  communicatie, kennisoverdracht en kennisborging de kern van de oplossing is.                        <\/p>\n<p>                                <!-- Progress Bar Start --><\/p>\n<h5>Richtinggever<\/h5>\n<p>                                             100%<\/p>\n<h5>Implementatie<\/h5>\n<p>                                             100%<\/p>\n<h5>Businessmentor<\/h5>\n<p>                                             100%<br \/>\n                                <!-- End Progressbar --><br \/>\n    <!-- End Team --><br \/>\n       <!-- Start Team \n    ============================================= --><br \/>\n                        <img src=\"https:\/\/minga.systems\/nl\/wp-content\/uploads\/2022\/07\/Roelf-Nienhuis.png\" alt=\"Thumb\"><\/p>\n<h2>Roelf Nienhuis<\/h2>\n<p>                        Partner and CTO<\/p>\n<ul>\n<li>\n                    <a href=\"https:\/\/www.linkedin.com\/in\/roelfnienhuis\/\"><br \/>\n                    <\/a>\n                <\/li>\n<\/ul>\n<ul>\n<li>\n                                <strong> <\/strong>\n                            <\/li>\n<\/ul>\n<h2><\/h2>\n<p>\n                            Het doel was een hyper configurabele oplossing te bouwen waarmee we het platform snel naar de individuele wensen van de klant kunnen aanpassen. want geen vraagstuk is hetzelfde. Roelf en zijn team heeft nog geen uitdaging gehad die ze niet snel konden tackelen.  Dus kom maar op met die uitdaging.!                        <\/p>\n<p>                                <!-- Progress Bar Start --><\/p>\n<h5>IT ontwikkeling<\/h5>\n<p>                                             100%<\/p>\n<h5>Customer centricity<\/h5>\n<p>                                             100%<\/p>\n<h5>Veiligheid<\/h5>\n<p>                                             100%<br \/>\n                                <!-- End Progressbar --><br \/>\n    <!-- End Team --><br \/>\n        <!-- Start Blog \n    ============================================= --><\/p>\n<h4>POPULAR NEWS<\/h4>\n<h2>Latest From our blog<\/h2>\n<p>            <a href=\"https:\/\/minga.systems\/nl\/index.php\/2022\/07\/01\/hello-world\/\"><br \/>\n                            <\/a><\/p>\n<ul>\n<li> July 1 2022<\/li>\n<li><a href=\"https:\/\/minga.systems\/nl\" title=\"Visit admin&#8217;s website\" rel=\"author external\">admin<\/a><\/li>\n<\/ul>\n<h4>\n                <a href=\"https:\/\/minga.systems\/nl\/index.php\/2022\/07\/01\/hello-world\/\">Hello world!<\/a><br \/>\n            <\/h4>\n<p>Welcome to WordPress. This is your first post. Edit or delete it, then start writing!<\/p>\n<p>            <a href=\"https:\/\/minga.systems\/nl\/index.php\/2022\/07\/01\/hello-world\/\">Read More <\/a><br \/>\n            <a href=\"https:\/\/minga.systems\/nl\/index.php\/2021\/01\/20\/consulted-admitting-is-power-acuteness\/\"><br \/>\n                <img width=\"600\" height=\"400\" src=\"https:\/\/minga.systems\/nl\/wp-content\/uploads\/2021\/01\/blog1-600x400.jpeg\" alt=\"\" loading=\"lazy\" srcset=\"https:\/\/minga.systems\/nl\/wp-content\/uploads\/2021\/01\/blog1-600x400.jpeg 600w, https:\/\/minga.systems\/nl\/wp-content\/uploads\/2021\/01\/blog1-300x200.jpeg 300w, https:\/\/minga.systems\/nl\/wp-content\/uploads\/2021\/01\/blog1-1024x683.jpeg 1024w, https:\/\/minga.systems\/nl\/wp-content\/uploads\/2021\/01\/blog1-768x512.jpeg 768w, https:\/\/minga.systems\/nl\/wp-content\/uploads\/2021\/01\/blog1-350x233.jpeg 350w, https:\/\/minga.systems\/nl\/wp-content\/uploads\/2021\/01\/blog1-540x360.jpeg 540w, https:\/\/minga.systems\/nl\/wp-content\/uploads\/2021\/01\/blog1-750x500.jpeg 750w, https:\/\/minga.systems\/nl\/wp-content\/uploads\/2021\/01\/blog1.jpeg 1500w\" sizes=\"(max-width: 600px) 100vw, 600px\" \/>            <\/a><\/p>\n<ul>\n<li> January 20 2021<\/li>\n<li><a href=\"https:\/\/minga.systems\/nl\" title=\"Visit admin&#8217;s website\" rel=\"author external\">admin<\/a><\/li>\n<\/ul>\n<h4>\n                <a href=\"https:\/\/minga.systems\/nl\/index.php\/2021\/01\/20\/consulted-admitting-is-power-acuteness\/\">Consulted admitting is power acuteness.<\/a><br \/>\n            <\/h4>\n<p>Wooded ladies she basket season age her uneasy saw. Discourse unwilling am no described dejection incommode.<\/p>\n<p>            <a href=\"https:\/\/minga.systems\/nl\/index.php\/2021\/01\/20\/consulted-admitting-is-power-acuteness\/\">Read More <\/a><br \/>\n            <a href=\"https:\/\/minga.systems\/nl\/index.php\/2021\/01\/20\/unsatiable-entreaties-may-collecting-power\/\"><br \/>\n                <img width=\"600\" height=\"400\" src=\"https:\/\/minga.systems\/nl\/wp-content\/uploads\/2021\/01\/blog2-600x400.jpeg\" alt=\"\" loading=\"lazy\" srcset=\"https:\/\/minga.systems\/nl\/wp-content\/uploads\/2021\/01\/blog2-600x400.jpeg 600w, https:\/\/minga.systems\/nl\/wp-content\/uploads\/2021\/01\/blog2-300x200.jpeg 300w, https:\/\/minga.systems\/nl\/wp-content\/uploads\/2021\/01\/blog2-1024x683.jpeg 1024w, https:\/\/minga.systems\/nl\/wp-content\/uploads\/2021\/01\/blog2-768x512.jpeg 768w, https:\/\/minga.systems\/nl\/wp-content\/uploads\/2021\/01\/blog2-350x233.jpeg 350w, https:\/\/minga.systems\/nl\/wp-content\/uploads\/2021\/01\/blog2-540x360.jpeg 540w, https:\/\/minga.systems\/nl\/wp-content\/uploads\/2021\/01\/blog2-750x500.jpeg 750w, https:\/\/minga.systems\/nl\/wp-content\/uploads\/2021\/01\/blog2.jpeg 1500w\" sizes=\"(max-width: 600px) 100vw, 600px\" \/>            <\/a><\/p>\n<ul>\n<li> January 20 2021<\/li>\n<li><a href=\"https:\/\/minga.systems\/nl\" title=\"Visit admin&#8217;s website\" rel=\"author external\">admin<\/a><\/li>\n<\/ul>\n<h4>\n                <a href=\"https:\/\/minga.systems\/nl\/index.php\/2021\/01\/20\/unsatiable-entreaties-may-collecting-power\/\">Unsatiable entreaties may collecting<\/a><br \/>\n            <\/h4>\n<p>Wooded ladies she basket season age her uneasy saw. Discourse unwilling am no described dejection incommode.<\/p>\n<p>            <a href=\"https:\/\/minga.systems\/nl\/index.php\/2021\/01\/20\/unsatiable-entreaties-may-collecting-power\/\">Read More <\/a><br \/>\n    <!-- End Blog Area --><\/p>\n<h2>Contact ons voor een demo<\/h2>\n<p>\t\t\t<a href=\"https:\/\/minga.systems\/nl\/index.php\/contact-us\/\" role=\"button\"><br \/>\n\t\t\t\t\t\tVraag de demo aan<br \/>\n\t\t\t\t\t<\/a><\/p>\n","protected":false},"excerpt":{"rendered":"<p>Online kennisdeling en samenwerken Wij cre\u00ebren IT oplossingen<\/p>\n","protected":false},"author":2,"featured_media":0,"parent":0,"menu_order":0,"comment_status":"closed","ping_status":"closed","template":"page-templates\/home5.php","meta":[],"_links":{"self":[{"href":"https:\/\/minga.systems\/nl\/index.php\/wp-json\/wp\/v2\/pages\/951"}],"collection":[{"href":"https:\/\/minga.systems\/nl\/index.php\/wp-json\/wp\/v2\/pages"}],"about":[{"href":"https:\/\/minga.systems\/nl\/index.php\/wp-json\/wp\/v2\/types\/page"}],"author":[{"embeddable":true,"href":"https:\/\/minga.systems\/nl\/index.php\/wp-json\/wp\/v2\/users\/2"}],"replies":[{"embeddable":true,"href":"https:\/\/minga.systems\/nl\/index.php\/wp-json\/wp\/v2\/comments?post=951"}],"version-history":[{"count":175,"href":"https:\/\/minga.systems\/nl\/index.php\/wp-json\/wp\/v2\/pages\/951\/revisions"}],"predecessor-version":[{"id":1185,"href":"https:\/\/minga.systems\/nl\/index.php\/wp-json\/wp\/v2\/pages\/951\/revisions\/1185"}],"wp:attachment":[{"href":"https:\/\/minga.systems\/nl\/index.php\/wp-json\/wp\/v2\/media?parent=951"}],"curies":[{"name":"wp","href":"https:\/\/api.w.org\/{rel}","templated":true}]}}